{"id":222,"date":"2017-02-22T07:17:30","date_gmt":"2017-02-22T07:17:30","guid":{"rendered":"http:\/\/raratheme.com\/preview\/app-landing-page\/?page_id=5"},"modified":"2025-07-04T14:33:05","modified_gmt":"2025-07-04T11:33:05","slug":"home","status":"publish","type":"page","link":"https:\/\/manisamekatronik.com\/en\/","title":{"rendered":"The address of innovation and quality."},"content":{"rendered":"<p>Manisa Mekatronik Yaz\u0131l\u0131m Otomasyon Projeleri i\u00e7in ileti\u015fime ge\u00e7iniz.<\/p>","protected":false},"excerpt":{"rendered":"<p>Manisa Mekatronik Yaz\u0131l\u0131m Otomasyon Projeleri i\u00e7in ileti\u015fime ge\u00e7iniz.<\/p>","protected":false},"author":1,"featured_media":0,"parent":0,"menu_order":0,"comment_status":"closed","ping_status":"closed","template":"","meta":{"footnotes":""},"class_list":["post-222","page","type-page","status-publish","hentry"],"aioseo_notices":[],"_links":{"self":[{"href":"https:\/\/manisamekatronik.com\/en\/wp-json\/wp\/v2\/pages\/222","targetHints":{"allow":["GET"]}}],"collection":[{"href":"https:\/\/manisamekatronik.com\/en\/wp-json\/wp\/v2\/pages"}],"about":[{"href":"https:\/\/manisamekatronik.com\/en\/wp-json\/wp\/v2\/types\/page"}],"author":[{"embeddable":true,"href":"https:\/\/manisamekatronik.com\/en\/wp-json\/wp\/v2\/users\/1"}],"replies":[{"embeddable":true,"href":"https:\/\/manisamekatronik.com\/en\/wp-json\/wp\/v2\/comments?post=222"}],"version-history":[{"count":1,"href":"https:\/\/manisamekatronik.com\/en\/wp-json\/wp\/v2\/pages\/222\/revisions"}],"predecessor-version":[{"id":317,"href":"https:\/\/manisamekatronik.com\/en\/wp-json\/wp\/v2\/pages\/222\/revisions\/317"}],"wp:attachment":[{"href":"https:\/\/manisamekatronik.com\/en\/wp-json\/wp\/v2\/media?parent=222"}],"curies":[{"name":"wp","href":"https:\/\/api.w.org\/{rel}","templated":true}]}}