{"id":570,"date":"2025-05-23T08:46:30","date_gmt":"2025-05-23T05:46:30","guid":{"rendered":"https:\/\/manisamekatronik.com\/?page_id=570"},"modified":"2025-05-23T13:40:07","modified_gmt":"2025-05-23T10:40:07","slug":"kullanim-sartlari","status":"publish","type":"page","link":"https:\/\/manisamekatronik.com\/en\/kullanim-sartlari\/","title":{"rendered":"Terms and Conditions"},"content":{"rendered":"<div style=\"height:104px\" aria-hidden=\"true\" class=\"wp-block-spacer\"><\/div>\n\n\n\n<h3 class=\"wp-block-heading\">S\u0130TE KULLANIM \u015eARTLARI<\/h3>\n\n\n\n<p>Please read the 'terms of website use' carefully before using our site. Customers who use and shop on this e-commerce website are deemed to have accepted the following conditions:<br>The web pages on our site and all pages connected to it ('Site') are the property of and operated by Me\u015fe Bili\u015fim Yaz\u0131l\u0131m Mekatronik E\u011fitim \u0130thalat \u0130hracat Sanayi ve Ticaret Limited \u015eirketi ('Company') at the address mesebilisim.com. By using all the services offered on the site, you ('User') are subject to the following conditions, and by benefiting from and continuing to use the services on the site, you are deemed to have accepted that you have the right, authority, and legal capacity to enter into a contract according to the laws to which you are bound, that you are over 18 years of age, that you have read and understood this agreement, and that you are bound by the conditions written in the agreement. This agreement imposes rights and obligations on the parties regarding the site subject to the agreement, and the parties declare 1  that upon acceptance of this agreement, they will fulfill the aforementioned rights and obligations completely, accurately, on time, and within the conditions requested in this agreement.<\/p>\n\n\n\n<p>1. RESPONSIBILITIES<\/p>\n\n\n\n<p>a. The Company reserves the right to make changes to prices and the products and services offered at any time.<\/p>\n\n\n\n<p>b. The Company accepts and undertakes that the member will be able to benefit from the services subject to the agreement, except in cases of technical malfunctions.<\/p>\n\n\n\n<p>c. The User hereby acknowledges in advance that they will not engage in reverse engineering or any other action aimed at discovering or obtaining the source code of the site during its use, and that in the contrary case, they will be responsible for damages incurred by third parties and that legal and criminal proceedings will be initiated against them.<\/p>\n\n\n\n<p>d. The User agrees not to produce or share content that is contrary to public morals and decency, unlawful, infringing upon the rights of third parties, misleading, offensive, obscene, pornographic, damaging to personal rights, infringing upon copyrights, or promoting illegal activities in their activities within the site, in any part of the site, or in their communications. Otherwise, they 1  are solely responsible for any resulting damage, and in this case, the 'Site' authorities may suspend or terminate such accounts and reserve the right to initiate legal proceedings. 2  Therefore, the Site reserves the right to share information 3  regarding activities or user accounts if requests for such information are received from judicial authorities.<\/p>\n\n\n\n<p>e. The relationships between the site's members or with third parties are the sole responsibility of the individuals involved.<\/p>\n\n\n<ol start=\"2\" class=\"wp-block-list is-layout-flex wp-container-core-list-is-layout-fe9cc265 wp-block-list-is-layout-flex\" style=\"\">\n<li>Fikri M&uuml;lkiyet Haklar&#305;<\/li>\n<\/ol>\n\n\n\n<p>2.1. All registered or unregistered intellectual property rights such as title, trade name, brand, patent, logo, design, information, and method present on this Site belong to the site operator and owner company or the relevant specified party and are protected by national and international law. Visiting this Site or benefiting from the services on this Site does not grant any rights 1  regarding the aforementioned intellectual property rights.<\/p>\n\n\n\n<p>2.2. The information on the Site may not be reproduced, published, copied, presented, and\/or transmitted in any way. The Site, in whole or in part, may not be used without permission on another website.\"<\/p>\n\n\n<ol start=\"3\" class=\"wp-block-list is-layout-flex wp-container-core-list-is-layout-fe9cc265 wp-block-list-is-layout-flex\" style=\"\">\n<li>Confidential Information<\/li>\n<\/ol>\n\n\n\n<p>3.1. The Company will not disclose the personal information transmitted by users through the site to third parties. This personal information includes 1  all other information aimed at identifying the User, such as name-surname, 2  address, telephone number, mobile phone number, e-mail address, and will be briefly referred to as 'Confidential Information'.<\/p>\n\n\n\n<p>3.2. The User acknowledges and declares that they consent to the Site's owning company sharing their contact, portfolio status, and demographic information with its affiliates or group companies, limited to use within the scope of marketing activities such as promotion, advertising, campaigns, announcements, etc. This personal information may be used by the company to determine customer profiles, offer promotions and campaigns suitable for customer profiles, and conduct 1  statistical studies.<\/p>\n\n\n\n<p>3.3. Confidential Information may only be disclosed to official authorities if these authorities duly request such information and in cases where disclosure to official authorities is mandatory under the provisions of applicable mandatory legislation.<\/p>\n\n\n<ol start=\"4\" class=\"wp-block-list is-layout-flex wp-container-core-list-is-layout-fe9cc265 wp-block-list-is-layout-flex\" style=\"\">\n<li>Garanti Vermeme&#304;&#350;BU S&Ouml;ZLE&#350;ME MADDES&#304; UYGULANAB&#304;L&#304;R KANUNUN &#304;Z&#304;N VERD&#304;&#286;&#304; AZAM&#304; &Ouml;L&Ccedil;&Uuml;DE GE&Ccedil;ERL&#304; OLACAKTIR. F&#304;RMA TARAFINDAN SUNULAN H&#304;ZMETLER &ldquo;OLDU&#286;U G&#304;B&#304;&rdquo; VE &ldquo;M&Uuml;MK&Uuml;N OLDU&#286;U&rdquo; TEMELDE SUNULMAKTA VE PAZARLANAB&#304;L&#304;RL&#304;K, BEL&#304;RL&#304; B&#304;R AMACA UYGUNLUK VEYA &#304;HLAL ETMEME KONUSUNDA T&Uuml;M ZIMN&#304; GARANT&#304;LER DE D&Acirc;H&#304;L OLMAK &Uuml;ZERE H&#304;ZMETLER VEYA UYGULAMA &#304;LE &#304;LG&#304;L&#304; OLARAK (BUNLARDA YER ALAN T&Uuml;M B&#304;LG&#304;LER D&Acirc;H&#304;L) SAR&#304;H VEYA ZIMN&#304;, KANUN&#304; VEYA BA&#350;KA B&#304;R N&#304;TEL&#304;KTE H&#304;&Ccedil;B&#304;R GARANT&#304;DE BULUNMAMAKTADIR.<\/li>\n\n\n\n<li>Kay&#305;t ve G&uuml;venlikKullan&#305;c&#305;, do&#287;ru, eksiksiz ve g&uuml;ncel kay&#305;t bilgilerini vermek zorundad&#305;r. Aksi halde bu S&ouml;zle&#351;me ihlal edilmi&#351; say&#305;lacak ve Kullan&#305;c&#305; bilgilendirilmeksizin hesap kapat&#305;labilecektir.<br>Kullan&#305;c&#305;, site ve &uuml;&ccedil;&uuml;nc&uuml; taraf sitelerdeki &#351;ifre ve hesap g&uuml;venli&#287;inden kendisi sorumludur. Aksi halde olu&#351;acak veri kay&#305;plar&#305;ndan ve g&uuml;venlik ihlallerinden veya donan&#305;m ve cihazlar&#305;n zarar g&ouml;rmesinden Firma sorumlu tutulamaz.6. M&uuml;cbir SebepTaraflar&#305;n kontrol&uuml;nde olmayan; tabii afetler, yang&#305;n, patlamalar, i&ccedil; sava&#351;lar, sava&#351;lar, ayaklanmalar, halk hareketleri, seferberlik ilan&#305;, grev, lokavt ve salg&#305;n hastal&#305;klar, altyap&#305; ve internet ar&#305;zalar&#305;, elektrik kesintisi gibi sebeplerden (a&#351;a&#287;&#305;da birlikte &ldquo;M&uuml;cbir Sebep&rdquo; olarak an&#305;lacakt&#305;r.) dolay&#305; s&ouml;zle&#351;meden do&#287;an y&uuml;k&uuml;ml&uuml;l&uuml;kler taraflarca ifa edilemez hale gelirse, taraflar bundan sorumlu de&#287;ildir. Bu s&uuml;rede Taraflar&rsquo; &#305;n i&#351;bu S&ouml;zle&#351;me&rsquo; den do&#287;an hak ve y&uuml;k&uuml;ml&uuml;l&uuml;kleri ask&#305;ya al&#305;n&#305;r.7. S&ouml;zle&#351;menin B&uuml;t&uuml;nl&uuml;&#287;&uuml; ve Uygulanabilirlik&#304;&#351;bu s&ouml;zle&#351;me &#351;artlar&#305;ndan biri, k&#305;smen veya tamamen ge&ccedil;ersiz hale gelirse, s&ouml;zle&#351;menin geri kalan&#305; ge&ccedil;erlili&#287;ini korumaya devam eder.<\/li>\n\n\n\n<li>S&ouml;zle&#351;mede Yap&#305;lacak De&#287;i&#351;ikliklerFirma, diledi&#287;i zaman sitede sunulan hizmetleri ve i&#351;bu s&ouml;zle&#351;me &#351;artlar&#305;n&#305; k&#305;smen veya tamamen de&#287;i&#351;tirebilir. De&#287;i&#351;iklikler sitede yay&#305;nland&#305;&#287;&#305; tarihten itibaren ge&ccedil;erli olacakt&#305;r. De&#287;i&#351;iklikleri takip etmek Kullan&#305;c&#305;&rsquo; n&#305;n sorumlulu&#287;undad&#305;r. Kullan&#305;c&#305;, sunulan hizmetlerden yararlanmaya devam etmekle bu de&#287;i&#351;iklikleri de kabul etmi&#351; say&#305;l&#305;r.<\/li>\n\n\n\n<li>Notifications<br>&#304;&#351;bu S&ouml;zle&#351;me ile ilgili taraflara g&ouml;nderilecek olan t&uuml;m bildirimler, Firma&rsquo; n&#305;n bilinen e.posta adresi ve kullan&#305;c&#305;n&#305;n &uuml;yelik formunda belirtti&#287;i e.posta adresi vas&#305;tas&#305;yla yap&#305;lacakt&#305;r. Kullan&#305;c&#305;, &uuml;ye olurken belirtti&#287;i adresin ge&ccedil;erli tebligat adresi oldu&#287;unu, de&#287;i&#351;mesi durumunda 5 g&uuml;n i&ccedil;inde yaz&#305;l&#305; olarak di&#287;er tarafa bildirece&#287;ini, aksi halde bu adrese yap&#305;lacak tebligatlar&#305;n ge&ccedil;erli say&#305;laca&#287;&#305;n&#305; kabul eder.<\/li>\n\n\n\n<li>Delil S&ouml;zle&#351;mesi<br>Taraflar aras&#305;nda i&#351;bu s&ouml;zle&#351;me ile ilgili i&#351;lemler i&ccedil;in &ccedil;&#305;kabilecek her t&uuml;rl&uuml; uyu&#351;mazl&#305;klarda Taraflar&rsquo; &#305;n defter, kay&#305;t ve belgeleri ile ve bilgisayar kay&#305;tlar&#305; ve faks kay&#305;tlar&#305; 6100 say&#305;l&#305; Hukuk Muhakemeleri Kanunu uyar&#305;nca delil olarak kabul edilecek olup, kullan&#305;c&#305; bu kay&#305;tlara itiraz etmeyece&#287;ini kabul eder.<\/li>\n\n\n\n<li>Uyu&#351;mazl&#305;klar&#305;n &Ccedil;&ouml;z&uuml;m&uuml;<br>&#304;&#351;bu S&ouml;zle&#351;me&rsquo; nin uygulanmas&#305;ndan veya yorumlanmas&#305;ndan do&#287;acak her t&uuml;rl&uuml; uyu&#351;mazl&#305;&#287;&#305;n &ccedil;&ouml;z&uuml;m&uuml;nde Manisa (Merkez) Adliyesi Mahkemeleri ve &#304;cra Daireleri yetkilidir.<\/li>\n<\/ol>\n\n\n\n<div style=\"height:100px\" aria-hidden=\"true\" class=\"wp-block-spacer\"><\/div>","protected":false},"excerpt":{"rendered":"<p>S\u0130TE KULLANIM \u015eARTLARI L\u00fctfen sitemizi kullanmadan \u00f6nce \u2018site kullan\u0131m \u015fartlar\u0131\u2019n\u0131 dikkatlice okuyunuz.Bu al\u0131\u015fveri\u015f sitesini kullanan ve al\u0131\u015fveri\u015f yapan m\u00fc\u015fterilerimiz a\u015fa\u011f\u0131daki \u015fartlar\u0131 kabul etmi\u015f varsay\u0131lmaktad\u0131r:Sitemizdeki web sayfalar\u0131 ve ona ba\u011fl\u0131 t\u00fcm sayfalar (\u2018Site\u2019) mesebilisim.com adresindeki Me\u015fe Bili\u015fim Yaz\u0131l\u0131m Mekatronik E\u011fitim \u0130thalat \u0130hracat Sanayi ve Ticaret Limited \u015eirketi firmas\u0131n\u0131n (\u2018Firma\u2019) mal\u0131d\u0131r ve onun taraf\u0131ndan i\u015fletilir. Sizler (\u2018Kullan\u0131c\u0131\u2019) [&hellip;]<\/p>\n","protected":false},"author":3,"featured_media":0,"parent":0,"menu_order":0,"comment_status":"closed","ping_status":"closed","template":"page-no-title","meta":{"footnotes":""},"class_list":["post-570","page","type-page","status-publish","hentry"],"aioseo_notices":[],"_links":{"self":[{"href":"https:\/\/manisamekatronik.com\/en\/wp-json\/wp\/v2\/pages\/570","targetHints":{"allow":["GET"]}}],"collection":[{"href":"https:\/\/manisamekatronik.com\/en\/wp-json\/wp\/v2\/pages"}],"about":[{"href":"https:\/\/manisamekatronik.com\/en\/wp-json\/wp\/v2\/types\/page"}],"author":[{"embeddable":true,"href":"https:\/\/manisamekatronik.com\/en\/wp-json\/wp\/v2\/users\/3"}],"replies":[{"embeddable":true,"href":"https:\/\/manisamekatronik.com\/en\/wp-json\/wp\/v2\/comments?post=570"}],"version-history":[{"count":2,"href":"https:\/\/manisamekatronik.com\/en\/wp-json\/wp\/v2\/pages\/570\/revisions"}],"predecessor-version":[{"id":659,"href":"https:\/\/manisamekatronik.com\/en\/wp-json\/wp\/v2\/pages\/570\/revisions\/659"}],"wp:attachment":[{"href":"https:\/\/manisamekatronik.com\/en\/wp-json\/wp\/v2\/media?parent=570"}],"curies":[{"name":"wp","href":"https:\/\/api.w.org\/{rel}","templated":true}]}}