{"id":576,"date":"2025-05-23T08:48:40","date_gmt":"2025-05-23T05:48:40","guid":{"rendered":"https:\/\/manisamekatronik.com\/?page_id=576"},"modified":"2026-04-07T11:27:05","modified_gmt":"2026-04-07T08:27:05","slug":"iletisim","status":"publish","type":"page","link":"https:\/\/manisamekatronik.com\/en\/iletisim\/","title":{"rendered":"Contact Us"},"content":{"rendered":"<div style=\"height:100px\" aria-hidden=\"true\" class=\"wp-block-spacer\"><\/div>\n\n\n\n<h3 class=\"wp-block-heading\">\n\t\t\u0130leti\u015fim Bilgilerimiz\n\t<\/h3>\n\n\n\n<p>ADRES&nbsp; &nbsp; &nbsp; &nbsp;: Muradiye Mah. CB\u00dc Teknokent No:22 Yunusemre MAN\u0130SA<\/p>\n\n\n\n<p>E- MA\u0130L&nbsp; &nbsp; &nbsp;: info@manisamekatronik.com<\/p>\n\n\n\n<p>TELEFON\u00a0 : +90 553 08 08 608<\/p>\n\n\n\n<h3 class=\"wp-block-heading\">\n\t\tSosyal Medya Hesaplar\u0131m\u0131z\n\t<\/h3>\n\n\n\n<p><strong>Facebook&nbsp; &nbsp; &nbsp;: &nbsp;<\/strong><a href=\"http:\/\/www.facebook.com\/mesebilisim\">facebook.com\/mesebilisim<\/a><\/p>\n\n\n\n<p><strong>\u0130nstagram&nbsp; &nbsp; : &nbsp;<\/strong><a href=\"https:\/\/www.instagram.com\/mesebilisim\/\">instagram.com\/mesebilisim<\/a><\/p>\n\n\n\n<p><strong>Twitter \/ X&nbsp; &nbsp;: &nbsp;<\/strong><a href=\"https:\/\/x.com\/mesebilisim\">x.com\/mesebilisim<\/a><\/p>\n\n\n\n<p><strong>LinkedIn&nbsp; &nbsp; &nbsp; : &nbsp;<\/strong><a href=\"https:\/\/www.linkedin.com\/company\/mese-bilisim-yazilim-mekatronik-egitim\/\">mese-bilisim-yazilim-mekatronik-egitim<\/a><\/p>\n\n\n\n<p><strong>GitHub&nbsp; &nbsp; &nbsp; &nbsp; &nbsp;: &nbsp;<\/strong><a href=\"https:\/\/github.com\/mesebilisim\">github.com\/mesebilisim<\/a><\/p>\n\n\n\n<div style=\"height:100px\" aria-hidden=\"true\" class=\"wp-block-spacer\"><\/div>","protected":false},"excerpt":{"rendered":"<p>\u0130leti\u015fim Bilgilerimiz ADRES&nbsp; &nbsp; &nbsp; &nbsp;: Muradiye Mah. CB\u00dc Teknokent No:22 Yunusemre MAN\u0130SA E- MA\u0130L&nbsp; &nbsp; &nbsp;: info@manisamekatronik.com TELEFON\u00a0 : +90 553 08 08 608 Sosyal Medya Hesaplar\u0131m\u0131z Facebook&nbsp; &nbsp; &nbsp;: &nbsp;facebook.com\/mesebilisim \u0130nstagram&nbsp; &nbsp; : &nbsp;instagram.com\/mesebilisim Twitter \/ X&nbsp; &nbsp;: &nbsp;x.com\/mesebilisim LinkedIn&nbsp; &nbsp; &nbsp; : &nbsp;mese-bilisim-yazilim-mekatronik-egitim GitHub&nbsp; &nbsp; &nbsp; &nbsp; &nbsp;: &nbsp;github.com\/mesebilisim<\/p>","protected":false},"author":3,"featured_media":0,"parent":0,"menu_order":0,"comment_status":"closed","ping_status":"closed","template":"page-no-title","meta":{"footnotes":""},"class_list":["post-576","page","type-page","status-publish","hentry"],"aioseo_notices":[],"_links":{"self":[{"href":"https:\/\/manisamekatronik.com\/en\/wp-json\/wp\/v2\/pages\/576","targetHints":{"allow":["GET"]}}],"collection":[{"href":"https:\/\/manisamekatronik.com\/en\/wp-json\/wp\/v2\/pages"}],"about":[{"href":"https:\/\/manisamekatronik.com\/en\/wp-json\/wp\/v2\/types\/page"}],"author":[{"embeddable":true,"href":"https:\/\/manisamekatronik.com\/en\/wp-json\/wp\/v2\/users\/3"}],"replies":[{"embeddable":true,"href":"https:\/\/manisamekatronik.com\/en\/wp-json\/wp\/v2\/comments?post=576"}],"version-history":[{"count":9,"href":"https:\/\/manisamekatronik.com\/en\/wp-json\/wp\/v2\/pages\/576\/revisions"}],"predecessor-version":[{"id":839,"href":"https:\/\/manisamekatronik.com\/en\/wp-json\/wp\/v2\/pages\/576\/revisions\/839"}],"wp:attachment":[{"href":"https:\/\/manisamekatronik.com\/en\/wp-json\/wp\/v2\/media?parent=576"}],"curies":[{"name":"wp","href":"https:\/\/api.w.org\/{rel}","templated":true}]}}