{"id":631,"date":"2025-05-23T11:35:40","date_gmt":"2025-05-23T08:35:40","guid":{"rendered":"https:\/\/manisamekatronik.com\/?page_id=631"},"modified":"2025-05-23T14:22:15","modified_gmt":"2025-05-23T11:22:15","slug":"iletisim-formu","status":"publish","type":"page","link":"https:\/\/manisamekatronik.com\/en\/iletisim-formu\/","title":{"rendered":"\u0130leti\u015fim Formu"},"content":{"rendered":"\n<div style=\"height:100px\" aria-hidden=\"true\" class=\"wp-block-spacer\"><\/div>\n\n\n\n<h3 class=\"wp-block-heading\">Bizimle \u0130leti\u015fime Ge\u00e7in <\/h3>\n\n\n\n<div class=\"wpcf7 no-js\" id=\"wpcf7-f609-o1\" lang=\"tr-TR\" dir=\"ltr\" data-wpcf7-id=\"609\">\n<div class=\"screen-reader-response\"><p role=\"status\" aria-live=\"polite\" aria-atomic=\"true\"><\/p> <ul><\/ul><\/div>\n<form action=\"\/en\/wp-json\/wp\/v2\/pages\/631#wpcf7-f609-o1\" method=\"post\" class=\"wpcf7-form init\" aria-label=\"\u0130leti\u015fim Formu\" novalidate=\"novalidate\" data-status=\"init\">\n<fieldset class=\"hidden-fields-container\"><input type=\"hidden\" name=\"_wpcf7\" value=\"609\" \/><input type=\"hidden\" name=\"_wpcf7_version\" value=\"6.1.5\" \/><input type=\"hidden\" name=\"_wpcf7_locale\" value=\"tr_TR\" \/><input type=\"hidden\" name=\"_wpcf7_unit_tag\" value=\"wpcf7-f609-o1\" \/><input type=\"hidden\" name=\"_wpcf7_container_post\" value=\"0\" \/><input type=\"hidden\" name=\"_wpcf7_posted_data_hash\" value=\"\" \/>\n<\/fieldset>\n<p><label>Ad\u0131n\u0131z Soyad\u0131n\u0131z (gerekli)<br \/>\n<span class=\"wpcf7-form-control-wrap\" data-name=\"adiniz\"><input size=\"40\" maxlength=\"400\" class=\"wpcf7-form-control wpcf7-text wpcf7-validates-as-required\" aria-required=\"true\" aria-invalid=\"false\" placeholder=\"Ad\u0131n\u0131z\u0131 girin\" value=\"\" type=\"text\" name=\"adiniz\" \/><\/span><\/label>\n<\/p>\n<p><label>E-posta Adresiniz (gerekli)<br \/>\n<span class=\"wpcf7-form-control-wrap\" data-name=\"eposta\"><input size=\"40\" maxlength=\"400\" class=\"wpcf7-form-control wpcf7-email wpcf7-validates-as-required wpcf7-text wpcf7-validates-as-email\" aria-required=\"true\" aria-invalid=\"false\" placeholder=\"E-posta adresinizi girin\" value=\"\" type=\"email\" name=\"eposta\" \/><\/span><\/label>\n<\/p>\n<p><label>Telefon Numaran\u0131z<br \/>\n<span class=\"wpcf7-form-control-wrap\" data-name=\"telefon\"><input size=\"40\" maxlength=\"400\" class=\"wpcf7-form-control wpcf7-tel wpcf7-text wpcf7-validates-as-tel\" aria-invalid=\"false\" placeholder=\"5xx xxx xx xx\" value=\"\" type=\"tel\" name=\"telefon\" \/><\/span><\/label>\n<\/p>\n<p><label>Konu<br \/>\n<span class=\"wpcf7-form-control-wrap\" data-name=\"konu\"><input size=\"40\" maxlength=\"400\" class=\"wpcf7-form-control wpcf7-text\" aria-invalid=\"false\" placeholder=\"Mesaj konusu\" value=\"\" type=\"text\" name=\"konu\" \/><\/span><\/label>\n<\/p>\n<p><label>Mesaj\u0131n\u0131z<br \/>\n<span class=\"wpcf7-form-control-wrap\" data-name=\"mesaj\"><textarea cols=\"40\" rows=\"10\" maxlength=\"2000\" class=\"wpcf7-form-control wpcf7-textarea\" aria-invalid=\"false\" placeholder=\"Mesaj\u0131n\u0131z\u0131 buraya yaz\u0131n\" name=\"mesaj\"><\/textarea><\/span><\/label>\n<\/p>\n<p><input class=\"wpcf7-form-control wpcf7-submit has-spinner\" type=\"submit\" value=\"Mesaj\u0131 G\u00f6nder\" \/>\n<\/p><div class=\"wpcf7-response-output\" aria-hidden=\"true\"><\/div>\n<\/form>\n<\/div>\n\n\n\n\n<style>\n.wpcf7-form {\n  max-width: 600px;\n  margin: 40px auto;\n  padding: 30px;\n  background: #1a1a1a;\n  border-radius: 12px;\n  box-shadow: 0 0 20px rgba(255,255,255,0.05);\n  color: #fff;\n  display: flex;\n  flex-direction: column;\n  gap: 20px;\n  font-family: sans-serif;\n}\n.wpcf7-form p {\n  margin: 0;\n}\n.wpcf7-form label {\n  display: block;\n  font-size: 14px;\n  font-weight: 500;\n  margin-bottom: 10px; \n  color: #ddd;\n}\n.wpcf7-form input[type=\"text\"],\n.wpcf7-form input[type=\"email\"],\n.wpcf7-form input[type=\"tel\"],\n.wpcf7-form textarea,\n.wpcf7-form input[type=\"file\"] {\n  width: 100%;\n  height: 48px;\n  padding: 0 14px;\n  border: 1px solid #444;\n  border-radius: 8px;\n  font-size: 15px;\n  background-color: #2a2a2a;\n  color: #fff;\n  box-sizing: border-box;\n}\n.wpcf7-form textarea {\n  height: 120px;\n  padding: 14px;\n  resize: vertical;\n}\n.wpcf7-form input::placeholder,\n.wpcf7-form textarea::placeholder {\n  color: #aaa;\n}\n.wpcf7-form input:focus,\n.wpcf7-form textarea:focus {\n  border-color: #00bcd4;\n  box-shadow: 0 0 5px rgba(0,188,212,0.5);\n  outline: none;\n}\n.wpcf7-form input[type=\"submit\"] {\n  background-color: #00bcd4;\n  color: #000;\n  border: none;\n  padding: 14px 28px;\n  font-size: 16px;\n  border-radius: 8px;\n  cursor: pointer;\n  transition: all 0.3s ease;\n  height: auto;\n  box-shadow: 0 0 0 transparent;\n}\n.wpcf7-form input[type=\"submit\"]:hover {\n  background-color: #00acc1;\n  box-shadow: 0 4px 12px rgba(0, 188, 212, 0.4);\n  transform: scale(1.02);\n}\n<\/style>\n\n\n\n<div style=\"height:100px\" aria-hidden=\"true\" class=\"wp-block-spacer\"><\/div>\n","protected":false},"excerpt":{"rendered":"<p>Bizimle \u0130leti\u015fime Ge\u00e7in<\/p>","protected":false},"author":3,"featured_media":0,"parent":0,"menu_order":0,"comment_status":"closed","ping_status":"closed","template":"page-no-title","meta":{"footnotes":""},"class_list":["post-631","page","type-page","status-publish","hentry"],"aioseo_notices":[],"_links":{"self":[{"href":"https:\/\/manisamekatronik.com\/en\/wp-json\/wp\/v2\/pages\/631","targetHints":{"allow":["GET"]}}],"collection":[{"href":"https:\/\/manisamekatronik.com\/en\/wp-json\/wp\/v2\/pages"}],"about":[{"href":"https:\/\/manisamekatronik.com\/en\/wp-json\/wp\/v2\/types\/page"}],"author":[{"embeddable":true,"href":"https:\/\/manisamekatronik.com\/en\/wp-json\/wp\/v2\/users\/3"}],"replies":[{"embeddable":true,"href":"https:\/\/manisamekatronik.com\/en\/wp-json\/wp\/v2\/comments?post=631"}],"version-history":[{"count":7,"href":"https:\/\/manisamekatronik.com\/en\/wp-json\/wp\/v2\/pages\/631\/revisions"}],"predecessor-version":[{"id":774,"href":"https:\/\/manisamekatronik.com\/en\/wp-json\/wp\/v2\/pages\/631\/revisions\/774"}],"wp:attachment":[{"href":"https:\/\/manisamekatronik.com\/en\/wp-json\/wp\/v2\/media?parent=631"}],"curies":[{"name":"wp","href":"https:\/\/api.w.org\/{rel}","templated":true}]}}