{"id":791,"date":"2025-05-28T11:23:50","date_gmt":"2025-05-28T08:23:50","guid":{"rendered":"https:\/\/manisamekatronik.com\/?page_id=791"},"modified":"2025-05-28T11:51:43","modified_gmt":"2025-05-28T08:51:43","slug":"791-2","status":"publish","type":"page","link":"https:\/\/manisamekatronik.com\/en\/791-2\/","title":{"rendered":"Makaleler"},"content":{"rendered":"<div class=\"pt-cv-wrapper\"><div class=\"pt-cv-view pt-cv-blockgrid iscvblock iscvhybrid list1 layout1\" id=\"pt-cv-view-90c6088z72\"><div data-id=\"pt-cv-page-1\" class=\"pt-cv-page\" data-cvc=\"1\"><div class=\"pt-cv-content-item pt-cv-2-col\" ><div class=\"pt-cv-thumb-wrapper pull-left\"><a href=\"https:\/\/manisamekatronik.com\/en\/iot-robot-nedir-nesnelerin-interneti-ile-akilli-robotlar\/\" class=\"_self pt-cv-href-thumbnail pt-cv-thumb-left\" target=\"_self\" ><img loading=\"lazy\" decoding=\"async\" width=\"1000\" height=\"435\" src=\"https:\/\/manisamekatronik.com\/wp-content\/uploads\/2025\/05\/Intelligent-IoT-Suite-for-Industrial-Robots.jpg\" class=\"pt-cv-thumbnail pull-left\" alt=\"\" srcset=\"https:\/\/manisamekatronik.com\/wp-content\/uploads\/2025\/05\/Intelligent-IoT-Suite-for-Industrial-Robots.jpg 1000w, https:\/\/manisamekatronik.com\/wp-content\/uploads\/2025\/05\/Intelligent-IoT-Suite-for-Industrial-Robots-300x131.jpg 300w, https:\/\/manisamekatronik.com\/wp-content\/uploads\/2025\/05\/Intelligent-IoT-Suite-for-Industrial-Robots-768x334.jpg 768w, https:\/\/manisamekatronik.com\/wp-content\/uploads\/2025\/05\/Intelligent-IoT-Suite-for-Industrial-Robots-18x8.jpg 18w\" sizes=\"auto, (max-width: 1000px) 100vw, 1000px\" \/><\/a><\/div>\n<div class=\"pt-cv-colwrap\"><div class=\"pt-cv-taxoterm above_title\"><a href='https:\/\/manisamekatronik.com\/en\/category\/makaleler\/' title='Makaleler' class='pt-cv-tax-makaleler'>Makaleler<\/a><\/div><h4 class=\"pt-cv-title\"><a href=\"https:\/\/manisamekatronik.com\/en\/iot-robot-nedir-nesnelerin-interneti-ile-akilli-robotlar\/\" class=\"_self\" target=\"_self\" >IoT Robot Nedir? Nesnelerin \u0130nterneti ile Ak\u0131ll\u0131 Robotlar<\/a><\/h4><div class=\"pt-cv-content\">1. IoT Nedir? IoT (Internet of Things), cihazlar\u0131n internet \u00fczerinden birbirine ba\u011flanarak veri al\u0131\u015fveri\u015fi yapabilmesini ifade eder. Evdeki buzdolab\u0131ndan fabrikadaki ...<br \/><div class=\"pt-cv-rmwrap\"><a href=\"https:\/\/manisamekatronik.com\/en\/iot-robot-nedir-nesnelerin-interneti-ile-akilli-robotlar\/\" class=\"_self pt-cv-readmore btn btn-success\" target=\"_self\">Devam\u0131n\u0131 Oku<\/a><\/div><\/div><\/div><\/div>\n<div class=\"pt-cv-content-item pt-cv-2-col\" ><div class=\"pt-cv-thumb-wrapper pull-left\"><a href=\"https:\/\/manisamekatronik.com\/en\/kartezyen-robot-nedir-mekatronikte-dogrusal-hareketin-ustasi\/\" class=\"_self pt-cv-href-thumbnail pt-cv-thumb-left\" target=\"_self\" ><img loading=\"lazy\" decoding=\"async\" width=\"800\" height=\"600\" src=\"https:\/\/manisamekatronik.com\/wp-content\/uploads\/2025\/05\/kartezyen-robotlar-1.jpg\" class=\"pt-cv-thumbnail pull-left\" alt=\"\" srcset=\"https:\/\/manisamekatronik.com\/wp-content\/uploads\/2025\/05\/kartezyen-robotlar-1.jpg 800w, https:\/\/manisamekatronik.com\/wp-content\/uploads\/2025\/05\/kartezyen-robotlar-1-300x225.jpg 300w, https:\/\/manisamekatronik.com\/wp-content\/uploads\/2025\/05\/kartezyen-robotlar-1-768x576.jpg 768w, https:\/\/manisamekatronik.com\/wp-content\/uploads\/2025\/05\/kartezyen-robotlar-1-16x12.jpg 16w\" sizes=\"auto, (max-width: 800px) 100vw, 800px\" \/><\/a><\/div>\n<div class=\"pt-cv-colwrap\"><div class=\"pt-cv-taxoterm above_title\"><a href='https:\/\/manisamekatronik.com\/en\/category\/makaleler\/' title='Makaleler' class='pt-cv-tax-makaleler'>Makaleler<\/a><\/div><h4 class=\"pt-cv-title\"><a href=\"https:\/\/manisamekatronik.com\/en\/kartezyen-robot-nedir-mekatronikte-dogrusal-hareketin-ustasi\/\" class=\"_self\" target=\"_self\" >Kartezyen Robot Nedir? Mekatronikte Do\u011frusal Hareketin Ustas\u0131<\/a><\/h4><div class=\"pt-cv-content\">1. Kartezyen Robot Nedir? Kartezyen robot (ya da lineer robot), X, Y ve Z eksenlerinde do\u011frusal hareket edebilen bir robot ...<br \/><div class=\"pt-cv-rmwrap\"><a href=\"https:\/\/manisamekatronik.com\/en\/kartezyen-robot-nedir-mekatronikte-dogrusal-hareketin-ustasi\/\" class=\"_self pt-cv-readmore btn btn-success\" target=\"_self\">Devam\u0131n\u0131 Oku<\/a><\/div><\/div><\/div><\/div>\n<div class=\"pt-cv-content-item pt-cv-2-col\" ><div class=\"pt-cv-thumb-wrapper pull-left\"><a href=\"https:\/\/manisamekatronik.com\/en\/plastik-enjeksiyon-makine-sistemleri-endustriyel-uretimin-vazgecilmezi\/\" class=\"_self pt-cv-href-thumbnail pt-cv-thumb-left\" target=\"_self\" ><img loading=\"lazy\" decoding=\"async\" width=\"974\" height=\"650\" src=\"https:\/\/manisamekatronik.com\/wp-content\/uploads\/2025\/05\/AnaSayfa-1-974x650-1.jpg\" class=\"pt-cv-thumbnail pull-left\" alt=\"\" srcset=\"https:\/\/manisamekatronik.com\/wp-content\/uploads\/2025\/05\/AnaSayfa-1-974x650-1.jpg 974w, https:\/\/manisamekatronik.com\/wp-content\/uploads\/2025\/05\/AnaSayfa-1-974x650-1-300x200.jpg 300w, https:\/\/manisamekatronik.com\/wp-content\/uploads\/2025\/05\/AnaSayfa-1-974x650-1-768x513.jpg 768w, https:\/\/manisamekatronik.com\/wp-content\/uploads\/2025\/05\/AnaSayfa-1-974x650-1-18x12.jpg 18w\" sizes=\"auto, (max-width: 974px) 100vw, 974px\" \/><\/a><\/div>\n<div class=\"pt-cv-colwrap\"><div class=\"pt-cv-taxoterm above_title\"><a href='https:\/\/manisamekatronik.com\/en\/category\/makaleler\/' title='Makaleler' class='pt-cv-tax-makaleler'>Makaleler<\/a><\/div><h4 class=\"pt-cv-title\"><a href=\"https:\/\/manisamekatronik.com\/en\/plastik-enjeksiyon-makine-sistemleri-endustriyel-uretimin-vazgecilmezi\/\" class=\"_self\" target=\"_self\" >Plastik Enjeksiyon Makine Sistemleri: End\u00fcstriyel \u00dcretimin Vazge\u00e7ilmezi<\/a><\/h4><div class=\"pt-cv-content\">1. Plastik Enjeksiyon Nedir? Plastik enjeksiyon, eriyik haldeki plastik malzemenin kal\u0131ba y\u00fcksek bas\u0131n\u00e7la enjekte edilerek istenen \u015feklin elde edilmesi s\u00fcrecidir ...<br \/><div class=\"pt-cv-rmwrap\"><a href=\"https:\/\/manisamekatronik.com\/en\/plastik-enjeksiyon-makine-sistemleri-endustriyel-uretimin-vazgecilmezi\/\" class=\"_self pt-cv-readmore btn btn-success\" target=\"_self\">Devam\u0131n\u0131 Oku<\/a><\/div><\/div><\/div><\/div>\n<div class=\"pt-cv-content-item pt-cv-2-col\" ><div class=\"pt-cv-thumb-wrapper pull-left\"><a href=\"https:\/\/manisamekatronik.com\/en\/mekatronik-ve-endustri-4-0-iliskisi\/\" class=\"_self pt-cv-href-thumbnail pt-cv-thumb-left\" target=\"_self\" ><img loading=\"lazy\" decoding=\"async\" width=\"700\" height=\"500\" src=\"https:\/\/manisamekatronik.com\/wp-content\/uploads\/2025\/05\/010f807e-73c2-433c-b089-933660df012b.png\" class=\"pt-cv-thumbnail pull-left\" alt=\"\" srcset=\"https:\/\/manisamekatronik.com\/wp-content\/uploads\/2025\/05\/010f807e-73c2-433c-b089-933660df012b.png 700w, https:\/\/manisamekatronik.com\/wp-content\/uploads\/2025\/05\/010f807e-73c2-433c-b089-933660df012b-300x214.png 300w, https:\/\/manisamekatronik.com\/wp-content\/uploads\/2025\/05\/010f807e-73c2-433c-b089-933660df012b-18x12.png 18w\" sizes=\"auto, (max-width: 700px) 100vw, 700px\" \/><\/a><\/div>\n<div class=\"pt-cv-colwrap\"><div class=\"pt-cv-taxoterm above_title\"><a href='https:\/\/manisamekatronik.com\/en\/category\/makaleler\/' title='Makaleler' class='pt-cv-tax-makaleler'>Makaleler<\/a><\/div><h4 class=\"pt-cv-title\"><a href=\"https:\/\/manisamekatronik.com\/en\/mekatronik-ve-endustri-4-0-iliskisi\/\" class=\"_self\" target=\"_self\" >The Relationship Between Mechatronics and Industry 4.0<\/a><\/h4><div class=\"pt-cv-content\">Mekatronik ve End\u00fcstri 4.0 End\u00fcstri 4.0, \u00fcretim s\u00fcre\u00e7lerinde dijitalle\u015fmenin ve ak\u0131ll\u0131 teknolojilerin kullan\u0131lmas\u0131yla ortaya \u00e7\u0131kan bir devrimdir. Bu d\u00f6n\u00fc\u015f\u00fcmde mekatronik ...<br \/><div class=\"pt-cv-rmwrap\"><a href=\"https:\/\/manisamekatronik.com\/en\/mekatronik-ve-endustri-4-0-iliskisi\/\" class=\"_self pt-cv-readmore btn btn-success\" target=\"_self\">Devam\u0131n\u0131 Oku<\/a><\/div><\/div><\/div><\/div>\n<div class=\"pt-cv-content-item pt-cv-2-col\" ><div class=\"pt-cv-thumb-wrapper pull-left\"><a href=\"https:\/\/manisamekatronik.com\/en\/robotik-sistemler-nedir-gelecegi-sekillendiren-teknolojiler\/\" class=\"_self pt-cv-href-thumbnail pt-cv-thumb-left\" target=\"_self\" ><img loading=\"lazy\" decoding=\"async\" width=\"940\" height=\"530\" src=\"https:\/\/manisamekatronik.com\/wp-content\/uploads\/2025\/05\/Maquinas-y-Proceso-creativo.webp\" class=\"pt-cv-thumbnail pull-left\" alt=\"\" srcset=\"https:\/\/manisamekatronik.com\/wp-content\/uploads\/2025\/05\/Maquinas-y-Proceso-creativo.webp 940w, https:\/\/manisamekatronik.com\/wp-content\/uploads\/2025\/05\/Maquinas-y-Proceso-creativo-300x169.webp 300w, https:\/\/manisamekatronik.com\/wp-content\/uploads\/2025\/05\/Maquinas-y-Proceso-creativo-768x433.webp 768w, https:\/\/manisamekatronik.com\/wp-content\/uploads\/2025\/05\/Maquinas-y-Proceso-creativo-18x10.webp 18w\" sizes=\"auto, (max-width: 940px) 100vw, 940px\" \/><\/a><\/div>\n<div class=\"pt-cv-colwrap\"><div class=\"pt-cv-taxoterm above_title\"><a href='https:\/\/manisamekatronik.com\/en\/category\/makaleler\/' title='Makaleler' class='pt-cv-tax-makaleler'>Makaleler<\/a><\/div><h4 class=\"pt-cv-title\"><a href=\"https:\/\/manisamekatronik.com\/en\/robotik-sistemler-nedir-gelecegi-sekillendiren-teknolojiler\/\" class=\"_self\" target=\"_self\" >Robotik Sistemler Nedir? Gelece\u011fi \u015eekillendiren Teknolojiler<\/a><\/h4><div class=\"pt-cv-content\">1. Robotik Sistem Nedir? Robotik sistemler, sens\u00f6rler, kontrol birimi (genellikle bir mikrodenetleyici) ve hareket elemanlar\u0131ndan olu\u015fan, belirli g\u00f6revleri yerine getirebilen ...<br \/><div class=\"pt-cv-rmwrap\"><a href=\"https:\/\/manisamekatronik.com\/en\/robotik-sistemler-nedir-gelecegi-sekillendiren-teknolojiler\/\" class=\"_self pt-cv-readmore btn btn-success\" target=\"_self\">Devam\u0131n\u0131 Oku<\/a><\/div><\/div><\/div><\/div>\n<div class=\"pt-cv-content-item pt-cv-2-col\" ><div class=\"pt-cv-thumb-wrapper pull-left\"><a href=\"https:\/\/manisamekatronik.com\/en\/cnc-sistemler-nedir-modern-imalatin-dijital-omurgasi\/\" class=\"_self pt-cv-href-thumbnail pt-cv-thumb-left\" target=\"_self\" ><img loading=\"lazy\" decoding=\"async\" width=\"500\" height=\"350\" src=\"https:\/\/manisamekatronik.com\/wp-content\/uploads\/2025\/05\/Cnc_lathe.png\" class=\"pt-cv-thumbnail pull-left\" alt=\"\" srcset=\"https:\/\/manisamekatronik.com\/wp-content\/uploads\/2025\/05\/Cnc_lathe.png 500w, https:\/\/manisamekatronik.com\/wp-content\/uploads\/2025\/05\/Cnc_lathe-300x210.png 300w, https:\/\/manisamekatronik.com\/wp-content\/uploads\/2025\/05\/Cnc_lathe-18x12.png 18w\" sizes=\"auto, (max-width: 500px) 100vw, 500px\" \/><\/a><\/div>\n<div class=\"pt-cv-colwrap\"><div class=\"pt-cv-taxoterm above_title\"><a href='https:\/\/manisamekatronik.com\/en\/category\/makaleler\/' title='Makaleler' class='pt-cv-tax-makaleler'>Makaleler<\/a><\/div><h4 class=\"pt-cv-title\"><a href=\"https:\/\/manisamekatronik.com\/en\/cnc-sistemler-nedir-modern-imalatin-dijital-omurgasi\/\" class=\"_self\" target=\"_self\" >CNC Sistemler Nedir? Modern \u0130malat\u0131n Dijital Omurgas\u0131<\/a><\/h4><div class=\"pt-cv-content\">1. CNC Ne Demek? CNC (Computer Numerical Control), makine i\u015flemlerinin bilgisayar kontrol\u00fcyle otomatikle\u015ftirilmesidir. Geleneksel tezgahlardan fark\u0131, insan m\u00fcdahalesi olmadan y\u00fcksek ...<br \/><div class=\"pt-cv-rmwrap\"><a href=\"https:\/\/manisamekatronik.com\/en\/cnc-sistemler-nedir-modern-imalatin-dijital-omurgasi\/\" class=\"_self pt-cv-readmore btn btn-success\" target=\"_self\">Devam\u0131n\u0131 Oku<\/a><\/div><\/div><\/div><\/div>\n<div class=\"pt-cv-content-item pt-cv-2-col\" ><div class=\"pt-cv-thumb-wrapper pull-left\"><a href=\"https:\/\/manisamekatronik.com\/en\/mekatronik-sistemde-neler-var\/\" class=\"_self pt-cv-href-thumbnail pt-cv-thumb-left\" target=\"_self\" ><img loading=\"lazy\" decoding=\"async\" width=\"1200\" height=\"600\" src=\"https:\/\/manisamekatronik.com\/wp-content\/uploads\/2025\/05\/mekatronik-muhendisligi-nedir.webp\" class=\"pt-cv-thumbnail pull-left\" alt=\"\" srcset=\"https:\/\/manisamekatronik.com\/wp-content\/uploads\/2025\/05\/mekatronik-muhendisligi-nedir.webp 1200w, https:\/\/manisamekatronik.com\/wp-content\/uploads\/2025\/05\/mekatronik-muhendisligi-nedir-300x150.webp 300w, https:\/\/manisamekatronik.com\/wp-content\/uploads\/2025\/05\/mekatronik-muhendisligi-nedir-1024x512.webp 1024w, https:\/\/manisamekatronik.com\/wp-content\/uploads\/2025\/05\/mekatronik-muhendisligi-nedir-768x384.webp 768w, https:\/\/manisamekatronik.com\/wp-content\/uploads\/2025\/05\/mekatronik-muhendisligi-nedir-18x9.webp 18w\" sizes=\"auto, (max-width: 1200px) 100vw, 1200px\" \/><\/a><\/div>\n<div class=\"pt-cv-colwrap\"><div class=\"pt-cv-taxoterm above_title\"><a href='https:\/\/manisamekatronik.com\/en\/category\/makaleler\/' title='Makaleler' class='pt-cv-tax-makaleler'>Makaleler<\/a><\/div><h4 class=\"pt-cv-title\"><a href=\"https:\/\/manisamekatronik.com\/en\/mekatronik-sistemde-neler-var\/\" class=\"_self\" target=\"_self\" >\"What's in a Mechatronic System?<\/a><\/h4><div class=\"pt-cv-content\">Mekatronik sistemler; mekanik, elektronik, yaz\u0131l\u0131m ve kontrol m\u00fchendisli\u011finin birle\u015fimiyle olu\u015fan karma\u015f\u0131k ama olduk\u00e7a i\u015flevsel sistemlerdir. Bu sistemlerde her bir bile\u015fen, ...<br \/><div class=\"pt-cv-rmwrap\"><a href=\"https:\/\/manisamekatronik.com\/en\/mekatronik-sistemde-neler-var\/\" class=\"_self pt-cv-readmore btn btn-success\" target=\"_self\">Devam\u0131n\u0131 Oku<\/a><\/div><\/div><\/div><\/div><\/div><\/div><\/div>\t\t\t<style type=\"text\/css\" id=\"pt-cv-inline-style-4618f87u5j\">\n#pt-cv-view-90c6088z72 .pt-cv-thumb-wrapper:not(.miniwrap) { width: 40%; }#pt-cv-view-90c6088z72 .pt-cv-thumbnail:not(.pt-cv-thumbnailsm) { height: 300px; }#pt-cv-view-90c6088z72 > .pt-cv-page {grid-template-columns: repeat(1, 1fr);grid-gap: 45px;}\n@media all and (max-width: 1024px) { \n#pt-cv-view-90c6088z72 > .pt-cv-page {grid-template-columns: repeat(1, 1fr);}\n} \n@media all and (max-width: 767px) { \n#pt-cv-view-90c6088z72 > .pt-cv-page {grid-template-columns: repeat(1, 1fr);}\n} <\/style>","protected":false},"excerpt":{"rendered":"","protected":false},"author":3,"featured_media":0,"parent":0,"menu_order":0,"comment_status":"closed","ping_status":"closed","template":"yazilar-2","meta":{"footnotes":""},"class_list":["post-791","page","type-page","status-publish","hentry"],"aioseo_notices":[],"_links":{"self":[{"href":"https:\/\/manisamekatronik.com\/en\/wp-json\/wp\/v2\/pages\/791","targetHints":{"allow":["GET"]}}],"collection":[{"href":"https:\/\/manisamekatronik.com\/en\/wp-json\/wp\/v2\/pages"}],"about":[{"href":"https:\/\/manisamekatronik.com\/en\/wp-json\/wp\/v2\/types\/page"}],"author":[{"embeddable":true,"href":"https:\/\/manisamekatronik.com\/en\/wp-json\/wp\/v2\/users\/3"}],"replies":[{"embeddable":true,"href":"https:\/\/manisamekatronik.com\/en\/wp-json\/wp\/v2\/comments?post=791"}],"version-history":[{"count":6,"href":"https:\/\/manisamekatronik.com\/en\/wp-json\/wp\/v2\/pages\/791\/revisions"}],"predecessor-version":[{"id":802,"href":"https:\/\/manisamekatronik.com\/en\/wp-json\/wp\/v2\/pages\/791\/revisions\/802"}],"wp:attachment":[{"href":"https:\/\/manisamekatronik.com\/en\/wp-json\/wp\/v2\/media?parent=791"}],"curies":[{"name":"wp","href":"https:\/\/api.w.org\/{rel}","templated":true}]}}